{"id":1116,"date":"2018-01-23T09:26:57","date_gmt":"2018-01-23T09:26:57","guid":{"rendered":"http:\/\/www.eutralog.com\/daca-esti-transportator\/"},"modified":"2018-02-19T10:40:53","modified_gmt":"2018-02-19T08:40:53","slug":"szallito-elonyei","status":"publish","type":"page","link":"http:\/\/www.eutralog.com\/hu\/szallito-elonyei\/","title":{"rendered":"SZ\u00c1LL\u00cdT\u00d3 EL\u0150NYEI"},"content":{"rendered":"","protected":false},"excerpt":{"rendered":"","protected":false},"author":1,"featured_media":0,"parent":0,"menu_order":0,"comment_status":"closed","ping_status":"closed","template":"","meta":{"footnotes":""},"class_list":["post-1116","page","type-page","status-publish","hentry"],"yoast_head":"<!-- This site is optimized with the Yoast SEO plugin v27.4 - https:\/\/yoast.com\/product\/yoast-seo-wordpress\/ -->\n<title>SZ\u00c1LL\u00cdT\u00d3 EL\u0150NYEI - EU.TRA.LOG.REMI<\/title>\n<meta name=\"robots\" content=\"index, follow, max-snippet:-1, max-image-preview:large, max-video-preview:-1\" \/>\n<link rel=\"canonical\" href=\"http:\/\/www.eutralog.com\/hu\/szallito-elonyei\/\" \/>\n<meta property=\"og:locale\" content=\"hu_HU\" \/>\n<meta property=\"og:type\" content=\"article\" \/>\n<meta property=\"og:title\" content=\"SZ\u00c1LL\u00cdT\u00d3 EL\u0150NYEI - EU.TRA.LOG.REMI\" \/>\n<meta property=\"og:url\" content=\"http:\/\/www.eutralog.com\/hu\/szallito-elonyei\/\" \/>\n<meta property=\"og:site_name\" content=\"EU.TRA.LOG.REMI\" \/>\n<meta property=\"article:publisher\" content=\"https:\/\/www.facebook.com\/EU.TRA.LOG.REMI\/\" \/>\n<meta property=\"article:modified_time\" content=\"2018-02-19T08:40:53+00:00\" \/>\n<meta name=\"twitter:card\" content=\"summary_large_image\" \/>\n<script type=\"application\/ld+json\" class=\"yoast-schema-graph\">{\"@context\":\"https:\\\/\\\/schema.org\",\"@graph\":[{\"@type\":\"WebPage\",\"@id\":\"http:\\\/\\\/www.eutralog.com\\\/hu\\\/szallito-elonyei\\\/\",\"url\":\"http:\\\/\\\/www.eutralog.com\\\/hu\\\/szallito-elonyei\\\/\",\"name\":\"SZ\u00c1LL\u00cdT\u00d3 EL\u0150NYEI - EU.TRA.LOG.REMI\",\"isPartOf\":{\"@id\":\"http:\\\/\\\/www.eutralog.com\\\/#website\"},\"datePublished\":\"2018-01-23T09:26:57+00:00\",\"dateModified\":\"2018-02-19T08:40:53+00:00\",\"breadcrumb\":{\"@id\":\"http:\\\/\\\/www.eutralog.com\\\/hu\\\/szallito-elonyei\\\/#breadcrumb\"},\"inLanguage\":\"hu\",\"potentialAction\":[{\"@type\":\"ReadAction\",\"target\":[\"http:\\\/\\\/www.eutralog.com\\\/hu\\\/szallito-elonyei\\\/\"]}]},{\"@type\":\"BreadcrumbList\",\"@id\":\"http:\\\/\\\/www.eutralog.com\\\/hu\\\/szallito-elonyei\\\/#breadcrumb\",\"itemListElement\":[{\"@type\":\"ListItem\",\"position\":1,\"name\":\"Home\",\"item\":\"http:\\\/\\\/www.eutralog.com\\\/hu\\\/\"},{\"@type\":\"ListItem\",\"position\":2,\"name\":\"SZ\u00c1LL\u00cdT\u00d3 EL\u0150NYEI\"}]},{\"@type\":\"WebSite\",\"@id\":\"http:\\\/\\\/www.eutralog.com\\\/#website\",\"url\":\"http:\\\/\\\/www.eutralog.com\\\/\",\"name\":\"EU.TRA.LOG.REMI\",\"description\":\"European Transport Logistics \",\"publisher\":{\"@id\":\"http:\\\/\\\/www.eutralog.com\\\/#organization\"},\"potentialAction\":[{\"@type\":\"SearchAction\",\"target\":{\"@type\":\"EntryPoint\",\"urlTemplate\":\"http:\\\/\\\/www.eutralog.com\\\/?s={search_term_string}\"},\"query-input\":{\"@type\":\"PropertyValueSpecification\",\"valueRequired\":true,\"valueName\":\"search_term_string\"}}],\"inLanguage\":\"hu\"},{\"@type\":\"Organization\",\"@id\":\"http:\\\/\\\/www.eutralog.com\\\/#organization\",\"name\":\"EU.TRA.LOG.REMI\",\"url\":\"http:\\\/\\\/www.eutralog.com\\\/\",\"logo\":{\"@type\":\"ImageObject\",\"inLanguage\":\"hu\",\"@id\":\"http:\\\/\\\/www.eutralog.com\\\/#\\\/schema\\\/logo\\\/image\\\/\",\"url\":\"http:\\\/\\\/www.eutralog.com\\\/wp-content\\\/uploads\\\/2018\\\/02\\\/SIGLA.png\",\"contentUrl\":\"http:\\\/\\\/www.eutralog.com\\\/wp-content\\\/uploads\\\/2018\\\/02\\\/SIGLA.png\",\"width\":11125,\"height\":1564,\"caption\":\"EU.TRA.LOG.REMI\"},\"image\":{\"@id\":\"http:\\\/\\\/www.eutralog.com\\\/#\\\/schema\\\/logo\\\/image\\\/\"},\"sameAs\":[\"https:\\\/\\\/www.facebook.com\\\/EU.TRA.LOG.REMI\\\/\",\"https:\\\/\\\/www.instagram.com\\\/eutralogremi\\\/\",\"https:\\\/\\\/www.linkedin.com\\\/company\\\/eu-tra-log-remi\\\/\"]}]}<\/script>\n<!-- \/ Yoast SEO plugin. -->","yoast_head_json":{"title":"SZ\u00c1LL\u00cdT\u00d3 EL\u0150NYEI - EU.TRA.LOG.REMI","robots":{"index":"index","follow":"follow","max-snippet":"max-snippet:-1","max-image-preview":"max-image-preview:large","max-video-preview":"max-video-preview:-1"},"canonical":"http:\/\/www.eutralog.com\/hu\/szallito-elonyei\/","og_locale":"hu_HU","og_type":"article","og_title":"SZ\u00c1LL\u00cdT\u00d3 EL\u0150NYEI - EU.TRA.LOG.REMI","og_url":"http:\/\/www.eutralog.com\/hu\/szallito-elonyei\/","og_site_name":"EU.TRA.LOG.REMI","article_publisher":"https:\/\/www.facebook.com\/EU.TRA.LOG.REMI\/","article_modified_time":"2018-02-19T08:40:53+00:00","twitter_card":"summary_large_image","schema":{"@context":"https:\/\/schema.org","@graph":[{"@type":"WebPage","@id":"http:\/\/www.eutralog.com\/hu\/szallito-elonyei\/","url":"http:\/\/www.eutralog.com\/hu\/szallito-elonyei\/","name":"SZ\u00c1LL\u00cdT\u00d3 EL\u0150NYEI - EU.TRA.LOG.REMI","isPartOf":{"@id":"http:\/\/www.eutralog.com\/#website"},"datePublished":"2018-01-23T09:26:57+00:00","dateModified":"2018-02-19T08:40:53+00:00","breadcrumb":{"@id":"http:\/\/www.eutralog.com\/hu\/szallito-elonyei\/#breadcrumb"},"inLanguage":"hu","potentialAction":[{"@type":"ReadAction","target":["http:\/\/www.eutralog.com\/hu\/szallito-elonyei\/"]}]},{"@type":"BreadcrumbList","@id":"http:\/\/www.eutralog.com\/hu\/szallito-elonyei\/#breadcrumb","itemListElement":[{"@type":"ListItem","position":1,"name":"Home","item":"http:\/\/www.eutralog.com\/hu\/"},{"@type":"ListItem","position":2,"name":"SZ\u00c1LL\u00cdT\u00d3 EL\u0150NYEI"}]},{"@type":"WebSite","@id":"http:\/\/www.eutralog.com\/#website","url":"http:\/\/www.eutralog.com\/","name":"EU.TRA.LOG.REMI","description":"European Transport Logistics ","publisher":{"@id":"http:\/\/www.eutralog.com\/#organization"},"potentialAction":[{"@type":"SearchAction","target":{"@type":"EntryPoint","urlTemplate":"http:\/\/www.eutralog.com\/?s={search_term_string}"},"query-input":{"@type":"PropertyValueSpecification","valueRequired":true,"valueName":"search_term_string"}}],"inLanguage":"hu"},{"@type":"Organization","@id":"http:\/\/www.eutralog.com\/#organization","name":"EU.TRA.LOG.REMI","url":"http:\/\/www.eutralog.com\/","logo":{"@type":"ImageObject","inLanguage":"hu","@id":"http:\/\/www.eutralog.com\/#\/schema\/logo\/image\/","url":"http:\/\/www.eutralog.com\/wp-content\/uploads\/2018\/02\/SIGLA.png","contentUrl":"http:\/\/www.eutralog.com\/wp-content\/uploads\/2018\/02\/SIGLA.png","width":11125,"height":1564,"caption":"EU.TRA.LOG.REMI"},"image":{"@id":"http:\/\/www.eutralog.com\/#\/schema\/logo\/image\/"},"sameAs":["https:\/\/www.facebook.com\/EU.TRA.LOG.REMI\/","https:\/\/www.instagram.com\/eutralogremi\/","https:\/\/www.linkedin.com\/company\/eu-tra-log-remi\/"]}]}},"_links":{"self":[{"href":"http:\/\/www.eutralog.com\/hu\/wp-json\/wp\/v2\/pages\/1116","targetHints":{"allow":["GET"]}}],"collection":[{"href":"http:\/\/www.eutralog.com\/hu\/wp-json\/wp\/v2\/pages"}],"about":[{"href":"http:\/\/www.eutralog.com\/hu\/wp-json\/wp\/v2\/types\/page"}],"author":[{"embeddable":true,"href":"http:\/\/www.eutralog.com\/hu\/wp-json\/wp\/v2\/users\/1"}],"replies":[{"embeddable":true,"href":"http:\/\/www.eutralog.com\/hu\/wp-json\/wp\/v2\/comments?post=1116"}],"version-history":[{"count":3,"href":"http:\/\/www.eutralog.com\/hu\/wp-json\/wp\/v2\/pages\/1116\/revisions"}],"predecessor-version":[{"id":1128,"href":"http:\/\/www.eutralog.com\/hu\/wp-json\/wp\/v2\/pages\/1116\/revisions\/1128"}],"wp:attachment":[{"href":"http:\/\/www.eutralog.com\/hu\/wp-json\/wp\/v2\/media?parent=1116"}],"curies":[{"name":"wp","href":"https:\/\/api.w.org\/{rel}","templated":true}]}}